{"id":5,"date":"2022-06-30T09:05:46","date_gmt":"2022-06-30T06:05:46","guid":{"rendered":"http:\/\/kurkman.com\/?page_id=5"},"modified":"2023-01-31T16:32:42","modified_gmt":"2023-01-31T13:32:42","slug":"ana-sayfa","status":"publish","type":"page","link":"http:\/\/kurkman.com\/","title":{"rendered":"Ana Sayfa"},"content":{"rendered":"\n<div style=\"height:30px\" aria-hidden=\"true\" class=\"wp-block-spacer\"><\/div>\n\n\n\n<div style=\"height:20px\" aria-hidden=\"true\" class=\"wp-block-spacer\"><\/div>\n\n\n\n<div class=\"wp-block-columns is-layout-flex wp-container-core-columns-is-layout-28f84493 wp-block-columns-is-layout-flex\">\n<div class=\"wp-block-column is-vertically-aligned-center is-layout-flow wp-block-column-is-layout-flow\" style=\"flex-basis:33.33%\">\n<figure class=\"wp-block-image aligncenter size-full is-resized\"><img loading=\"lazy\" decoding=\"async\" src=\"http:\/\/kurkman.com\/wp-content\/uploads\/2022\/06\/kuyumcu_EN.png\" alt=\"\" class=\"wp-image-18\" width=\"139\" height=\"225\"\/><\/figure>\n<\/div>\n\n\n\n<div class=\"wp-block-column is-vertically-aligned-center is-layout-flow wp-block-column-is-layout-flow\" style=\"flex-basis:66.66%\">\n<p class=\"has-text-align-center\"><strong>Sultan&#8217;s Jewelers in The Ottoman Palace<\/strong><\/p>\n\n\n\n<p class=\"has-text-align-center\">ISBN: 978-605-5495-51-0<\/p>\n\n\n\n<p class=\"has-text-align-center\">One Volume, 470 pages, hardcover, 718 photographs and 157 b\/w documents photos.<\/p>\n\n\n\n<p class=\"has-text-align-center\"><a href=\"http:\/\/kurkman.com\/?page_id=217\" data-type=\"page\" data-id=\"217\">Contents<\/a><\/p>\n\n\n\n<p class=\"has-text-align-center\"><a href=\"http:\/\/kurkman.com\/?tag=jewelers\" data-type=\"post_tag\" data-id=\"9\">Review<\/a><\/p>\n<\/div>\n<\/div>\n\n\n\n<div class=\"wp-block-columns is-layout-flex wp-container-core-columns-is-layout-28f84493 wp-block-columns-is-layout-flex\">\n<div class=\"wp-block-column is-vertically-aligned-center is-layout-flow wp-block-column-is-layout-flow\" style=\"flex-basis:33.33%\">\n<figure class=\"wp-block-image aligncenter size-full is-resized\"><img loading=\"lazy\" decoding=\"async\" src=\"http:\/\/kurkman.com\/wp-content\/uploads\/2022\/06\/kuyumcu_TR.png\" alt=\"\" class=\"wp-image-8\" width=\"139\" height=\"225\"\/><\/figure>\n<\/div>\n\n\n\n<div class=\"wp-block-column is-layout-flow wp-block-column-is-layout-flow\" style=\"flex-basis:66.66%\">\n<p class=\"has-text-align-center\"><strong>Osmanl\u0131 Saray Kuyumcular\u0131<\/strong><\/p>\n\n\n\n<p class=\"has-text-align-center\">ISBN: 978-605-5495-50-3<\/p>\n\n\n\n<p class=\"has-text-align-center\">Tek Cilt, 470 sayfa, sert kapak, 718 foto\u011fraf ve 157 s\/b belge foto\u011fraf\u0131.<\/p>\n<\/div>\n<\/div>\n\n\n\n<hr class=\"wp-block-separator has-alpha-channel-opacity\"\/>\n\n\n\n<div class=\"wp-block-columns is-layout-flex wp-container-core-columns-is-layout-28f84493 wp-block-columns-is-layout-flex\">\n<div class=\"wp-block-column is-vertically-aligned-center is-layout-flow wp-block-column-is-layout-flow\" style=\"flex-basis:33.33%\">\n<figure class=\"wp-block-image aligncenter size-full is-resized\"><img loading=\"lazy\" decoding=\"async\" src=\"http:\/\/kurkman.com\/wp-content\/uploads\/2022\/06\/toprak_ates_sir_EN.png\" alt=\"\" class=\"wp-image-9\" width=\"270\" height=\"327\"\/><\/figure>\n<\/div>\n\n\n\n<div class=\"wp-block-column is-vertically-aligned-center is-layout-flow wp-block-column-is-layout-flow\" style=\"flex-basis:66.66%\">\n<p class=\"has-text-align-center\"><strong>Magic of Clay and Fire<\/strong><\/p>\n\n\n\n<p class=\"has-text-align-center\">One Volume, 403 pages, hardcover, 450 color, 120 b\/w photographs and glossary about clay.<\/p>\n\n\n\n<p class=\"has-text-align-center\"><a href=\"http:\/\/kurkman.com\/?tag=clay\" data-type=\"post_tag\" data-id=\"14\">Reviews<\/a><\/p>\n\n\n\n<p class=\"has-text-align-center\"><a rel=\"noreferrer noopener\" href=\"http:\/\/kurkman.com\/?page_id=289\" data-type=\"URL\" data-id=\"http:\/\/kurkman.com\/?page_id=289\" target=\"_blank\">Sample Pages<\/a><\/p>\n<\/div>\n<\/div>\n\n\n\n<hr class=\"wp-block-separator has-alpha-channel-opacity\"\/>\n\n\n\n<div class=\"wp-block-columns is-layout-flex wp-container-core-columns-is-layout-28f84493 wp-block-columns-is-layout-flex\">\n<div class=\"wp-block-column is-vertically-aligned-center is-layout-flow wp-block-column-is-layout-flow\" style=\"flex-basis:33.33%\">\n<figure class=\"wp-block-image aligncenter size-full is-resized\"><img loading=\"lazy\" decoding=\"async\" src=\"http:\/\/kurkman.com\/wp-content\/uploads\/2022\/06\/arm_painters_EN.png\" alt=\"\" class=\"wp-image-10\" width=\"335\" height=\"345\"\/><\/figure>\n<\/div>\n\n\n\n<div class=\"wp-block-column is-vertically-aligned-center is-layout-flow wp-block-column-is-layout-flow\" style=\"flex-basis:66.66%\">\n<p class=\"has-text-align-center\"><strong>Armenian Painters in The Ottoman Empire<\/strong><\/p>\n\n\n\n<p class=\"has-text-align-center\">ISBN 975-92015-3-4<\/p>\n\n\n\n<p class=\"has-text-align-center\">Two volumes, 988 pages, hardcover, 1600 color, 300 b\/w photographs.<\/p>\n\n\n\n<p class=\"has-text-align-center\"><a href=\"http:\/\/kurkman.com\/?tag=armenian-painters\" data-type=\"post_tag\" data-id=\"8\">Reviews<\/a><\/p>\n\n\n\n<p class=\"has-text-align-center\"><a href=\"http:\/\/kurkman.com\/?page_id=280\" data-type=\"page\" data-id=\"280\">Sample Pages<\/a><\/p>\n<\/div>\n<\/div>\n\n\n\n<hr class=\"wp-block-separator has-alpha-channel-opacity\"\/>\n\n\n\n<div class=\"wp-block-columns are-vertically-aligned-center is-layout-flex wp-container-core-columns-is-layout-28f84493 wp-block-columns-is-layout-flex\">\n<div class=\"wp-block-column is-vertically-aligned-center is-layout-flow wp-block-column-is-layout-flow\" style=\"flex-basis:33.33%\">\n<figure class=\"wp-block-image aligncenter size-full is-resized\"><img loading=\"lazy\" decoding=\"async\" src=\"http:\/\/kurkman.com\/wp-content\/uploads\/2022\/06\/anatolian_weights_EN.png\" alt=\"\" class=\"wp-image-12\" width=\"218\" height=\"299\"\/><\/figure>\n<\/div>\n\n\n\n<div class=\"wp-block-column is-vertically-aligned-center is-layout-flow wp-block-column-is-layout-flow\" style=\"flex-basis:66.66%\">\n<p class=\"has-text-align-center\"><strong>Anatolian Weights and Measures<\/strong><\/p>\n\n\n\n<p class=\"has-text-align-center\">ISBN 975-7078-17-4<\/p>\n\n\n\n<p class=\"has-text-align-center\">One volume, 423 pages, hardcover, 817 color, 48 drawings and b\/w photographs.<\/p>\n\n\n\n<p class=\"has-text-align-center\"><a href=\"http:\/\/kurkman.com\/?page_id=50\" data-type=\"URL\" data-id=\"http:\/\/kurkman.com\/?page_id=50\">Contents<\/a><\/p>\n\n\n\n<p class=\"has-text-align-center\"><a href=\"http:\/\/kurkman.com\/?tag=anatolian-weights\" data-type=\"post_tag\" data-id=\"7\">Reviews<\/a><\/p>\n<\/div>\n<\/div>\n\n\n\n<hr class=\"wp-block-separator has-alpha-channel-opacity\"\/>\n\n\n\n<div class=\"wp-block-columns is-layout-flex wp-container-core-columns-is-layout-28f84493 wp-block-columns-is-layout-flex\">\n<div class=\"wp-block-column is-vertically-aligned-center is-layout-flow wp-block-column-is-layout-flow\" style=\"flex-basis:33.33%\">\n<figure class=\"wp-block-image aligncenter size-full is-resized\"><img loading=\"lazy\" decoding=\"async\" src=\"http:\/\/kurkman.com\/wp-content\/uploads\/2022\/06\/silver_EN.png\" alt=\"\" class=\"wp-image-14\" width=\"301\" height=\"328\"\/><\/figure>\n<\/div>\n\n\n\n<div class=\"wp-block-column is-vertically-aligned-center is-layout-flow wp-block-column-is-layout-flow\" style=\"flex-basis:66.66%\">\n<p class=\"has-text-align-center\"><strong>Ottoman Silver Marks<\/strong><\/p>\n\n\n\n<p class=\"has-text-align-center\">ISBN 975-8129-00-7<\/p>\n\n\n\n<p class=\"has-text-align-center\">One Volume, 293 pages, hardcover, 472 color, 592 drawings and b\/w photographs.<\/p>\n\n\n\n<p class=\"has-text-align-center\"><a href=\"http:\/\/kurkman.com\/?page_id=79\" data-type=\"URL\" data-id=\"http:\/\/kurkman.com\/?page_id=79\">Contents<\/a><\/p>\n\n\n\n<p class=\"has-text-align-center\"><a href=\"http:\/\/kurkman.com\/?tag=silver\" data-type=\"post_tag\" data-id=\"6\">Reviews<\/a><\/p>\n<\/div>\n<\/div>\n\n\n\n<hr class=\"wp-block-separator has-alpha-channel-opacity\"\/>\n\n\n\n<div class=\"wp-block-columns is-layout-flex wp-container-core-columns-is-layout-28f84493 wp-block-columns-is-layout-flex\">\n<div class=\"wp-block-column is-vertically-aligned-center is-layout-flow wp-block-column-is-layout-flow\" style=\"flex-basis:33.33%\">\n<figure class=\"wp-block-image aligncenter size-full is-resized\"><img loading=\"lazy\" decoding=\"async\" src=\"http:\/\/kurkman.com\/wp-content\/uploads\/2022\/06\/weights_EN.png\" alt=\"\" class=\"wp-image-15\" width=\"212\" height=\"243\"\/><\/figure>\n<\/div>\n\n\n\n<div class=\"wp-block-column is-vertically-aligned-center is-layout-flow wp-block-column-is-layout-flow\" style=\"flex-basis:66.66%\">\n<p class=\"has-text-align-center\"><strong>Ottoman Weights and Measures<\/strong><\/p>\n\n\n\n<p class=\"has-text-align-center\">One volume, 96 pages, 161 b\/w photographs, 21 drawings.<\/p>\n\n\n\n<p class=\"has-text-align-center\"><a href=\"http:\/\/kurkman.com\/?tag=ottoman-weights\" data-type=\"post_tag\" data-id=\"18\">Reviews<\/a><\/p>\n<\/div>\n<\/div>\n\n\n\n<hr class=\"wp-block-separator has-alpha-channel-opacity\"\/>\n\n\n\n<div class=\"wp-block-columns is-layout-flex wp-container-core-columns-is-layout-28f84493 wp-block-columns-is-layout-flex\">\n<div class=\"wp-block-column is-vertically-aligned-center is-layout-flow wp-block-column-is-layout-flow\" style=\"flex-basis:33.33%\">\n<figure class=\"wp-block-image aligncenter size-full\"><img loading=\"lazy\" decoding=\"async\" width=\"218\" height=\"299\" src=\"http:\/\/kurkman.com\/wp-content\/uploads\/2023\/01\/beylik_coin.jpg\" alt=\"\" class=\"wp-image-345\"\/><\/figure>\n<\/div>\n\n\n\n<div class=\"wp-block-column is-vertically-aligned-center is-layout-flow wp-block-column-is-layout-flow\" style=\"flex-basis:66.66%\">\n<p class=\"has-text-align-center\"><strong>Coins of the Fourteenth Century Aegean Anatolian Begliks<br><\/strong> Karesi, Saruhan, Ayd\u0131n, Mentese Begliks <br> 700-829 AH \/ 1300-1425 AD<\/p>\n\n\n\n<p class=\"has-text-align-center\"><strong>Ege Beylikleri Sikkeleri<br><\/strong>(14.y\u00fczy\u0131l)<strong><br><\/strong>Karesi, Saruhan, Aydin, Mentese Beylikleri <br>H.700 &#8211; 829 \/ M.1300 &#8211; 1425<\/p>\n\n\n\n<p class=\"has-text-align-center\">One volume, 254 pages, 28 tables and 500 coin sketch. Limited edition of 100 copies.<\/p>\n\n\n\n<p class=\"has-text-align-center\"><a href=\"http:\/\/kurkman.com\/?tag=coin\" data-type=\"post_tag\" data-id=\"6\">Reviews<\/a><\/p>\n<\/div>\n<\/div>\n\n\n\n<hr class=\"wp-block-separator has-alpha-channel-opacity\"\/>\n\n\n\n<div class=\"wp-block-columns is-layout-flex wp-container-core-columns-is-layout-28f84493 wp-block-columns-is-layout-flex\">\n<div class=\"wp-block-column is-vertically-aligned-center is-layout-flow wp-block-column-is-layout-flow\" style=\"flex-basis:33.33%\">\n<figure class=\"wp-block-image aligncenter size-full is-resized\"><img loading=\"lazy\" decoding=\"async\" src=\"http:\/\/kurkman.com\/wp-content\/uploads\/2022\/07\/Alaiye_paralari.png\" alt=\"\" class=\"wp-image-252\" width=\"218\" height=\"299\"\/><\/figure>\n<\/div>\n\n\n\n<div class=\"wp-block-column is-vertically-aligned-center is-layout-flow wp-block-column-is-layout-flow\" style=\"flex-basis:66.66%\">\n<p class=\"has-text-align-center\"><strong>Al\u00e2iyye Paralar\u0131<\/strong><\/p>\n\n\n\n<p class=\"has-text-align-center\"><strong>Coinage of Al\u00e2&#8217;iye<\/strong><\/p>\n\n\n\n<p class=\"has-text-align-center\">One volume, 151 pages, 8 tables and 71 coin sketch.<\/p>\n\n\n\n<p class=\"has-text-align-center\"><a href=\"http:\/\/kurkman.com\/?page_id=269\" data-type=\"page\" data-id=\"269\">Sample Pages<\/a><\/p>\n\n\n\n<p class=\"has-text-align-center\"><a href=\"http:\/\/kurkman.com\/?tag=para\" data-type=\"post_tag\" data-id=\"16\">Reviews<\/a><\/p>\n<\/div>\n<\/div>\n","protected":false},"excerpt":{"rendered":"<p>Sultan&#8217;s Jewelers in The Ottoman Palace ISBN: 978-605-5495-51-0 One Volume, 470 pages, hardcover, 718 photographs and 157 b\/w documents photos. Contents Review Osmanl\u0131 Saray Kuyumcular\u0131 ISBN: 978-605-5495-50-3 Tek Cilt, 470 sayfa, sert kapak, 718 foto\u011fraf ve 157 s\/b belge foto\u011fraf\u0131. Magic of Clay and Fire One Volume, 403 pages, hardcover, 450 color, 120 b\/w photographs [&hellip;]<\/p>\n","protected":false},"author":1,"featured_media":0,"parent":0,"menu_order":0,"comment_status":"closed","ping_status":"closed","template":"page-no-separators","meta":{"footnotes":""},"class_list":["post-5","page","type-page","status-publish","hentry"],"_links":{"self":[{"href":"http:\/\/kurkman.com\/index.php?rest_route=\/wp\/v2\/pages\/5","targetHints":{"allow":["GET"]}}],"collection":[{"href":"http:\/\/kurkman.com\/index.php?rest_route=\/wp\/v2\/pages"}],"about":[{"href":"http:\/\/kurkman.com\/index.php?rest_route=\/wp\/v2\/types\/page"}],"author":[{"embeddable":true,"href":"http:\/\/kurkman.com\/index.php?rest_route=\/wp\/v2\/users\/1"}],"replies":[{"embeddable":true,"href":"http:\/\/kurkman.com\/index.php?rest_route=%2Fwp%2Fv2%2Fcomments&post=5"}],"version-history":[{"count":54,"href":"http:\/\/kurkman.com\/index.php?rest_route=\/wp\/v2\/pages\/5\/revisions"}],"predecessor-version":[{"id":387,"href":"http:\/\/kurkman.com\/index.php?rest_route=\/wp\/v2\/pages\/5\/revisions\/387"}],"wp:attachment":[{"href":"http:\/\/kurkman.com\/index.php?rest_route=%2Fwp%2Fv2%2Fmedia&parent=5"}],"curies":[{"name":"wp","href":"https:\/\/api.w.org\/{rel}","templated":true}]}}